{"id":10406,"date":"2017-05-07T13:00:09","date_gmt":"2017-05-07T13:00:09","guid":{"rendered":"https:\/\/gonzaloluisblog.wordpress.com\/?page_id=2"},"modified":"2017-05-07T13:00:09","modified_gmt":"2017-05-07T13:00:09","slug":"acerca-de","status":"publish","type":"page","link":"https:\/\/gonzaloluis.com.ar\/?page_id=10406","title":{"rendered":"Acerca de"},"content":{"rendered":"\n<p>Dinero, billete, efectivo, plata, mosca, viva, ingresos, sueldo, pasta, teca, filo, viyuya, guita, chirolas. vento, tarasca, sope, toven, menega, papota, mango, bicoca y vuelto. De eso se habla en este blog.<\/p>\n\n\n\n<p>La escuela no te prepara para muchos de los desaf\u00edos de la vida adulta como manejarte correctamente con el dinero.<\/p>\n\n\n\n<p>Algunos de esos desaf\u00edos se engloban dentro de las finanzas personales.<\/p>\n\n\n\n<p>Intent\u00e9, tropec\u00e9, me ca\u00ed y me levant\u00e9. Volv\u00ed a intentar, tropec\u00e9, me ca\u00ed y me levant\u00e9. Y en ese camino fui aprendiendo, ahora empiezo a contarlo.<\/p>\n\n\n\n<p>Podes leerme en <a href=\"http:\/\/gonzaloluis.blog\">este mismo blog<\/a> y escucharme en la <a href=\"https:\/\/gonzaloluis.blog\/radio\/\">radio<\/a> o en <a href=\"https:\/\/open.spotify.com\/episode\/18WNpuKHEW1JqOnahLFham?si=9Cj0MKe4TWGeNerqgKJzog\">Spotify<\/a> si te interesan las finanzas personales y la educaci\u00f3n financiera.<\/p>\n\n\n\n<p>Adem\u00e1s soy el host de dos podcast sobre econom\u00eda social llamados <a href=\"https:\/\/open.spotify.com\/show\/5QSRcvK9HyR6AtGl0woqC7\">Lazos Cooperativos<\/a> y <a href=\"https:\/\/open.spotify.com\/show\/33zhO0T5p9dJ2OYZ9pN7zJ\">Lazos Mutualistas<\/a>. Clickeando en los nombres pod\u00e9s escuchar los episodios con noticias y pastillas formativas sobre cooperativismo y mutualismo.<\/p>\n\n\n\n<p>Si quer\u00e9s saber mas de mi, soy Gonzalo Luis y tal vez me recuerdes por \u00e9xitos como &#8220;<a href=\"https:\/\/www.lanacion.com.ar\/1617873-la-vida-sin-hijos\">La vida sin hijos<\/a>&#8220;,&nbsp; <a href=\"https:\/\/www.lanacion.com.ar\/2216348-sin-hijos-los-childfree-viven-una-era-de-empoderamiento-con-el-avance-del-feminismo\" target=\"_blank\" rel=\"noopener\">&#8220;Sin hijos: los childfree viven una \u00e9poca de empoderamiento con el avance del feminismo&#8221;<\/a> o &#8220;<a href=\"https:\/\/noticias.perfil.com\/2012\/09\/21\/la-esperanza-de-facturar\/\">La esperanza de facturar<\/a>&#8220;.<\/p>\n\n\n\n<p>\u00a1Estamos en contacto!<\/p>\n","protected":false},"excerpt":{"rendered":"<p>Se trata solo de un breve extracto de la p\u00e1gina&nbsp;con informaci\u00f3n acerca de ti.<\/p>\n","protected":false},"author":1,"featured_media":0,"parent":0,"menu_order":1,"comment_status":"closed","ping_status":"closed","template":"","meta":{"om_disable_all_campaigns":false,"_monsterinsights_skip_tracking":false,"_monsterinsights_sitenote_active":false,"_monsterinsights_sitenote_note":"","_monsterinsights_sitenote_category":0},"aioseo_notices":[],"_links":{"self":[{"href":"https:\/\/gonzaloluis.com.ar\/index.php?rest_route=\/wp\/v2\/pages\/10406"}],"collection":[{"href":"https:\/\/gonzaloluis.com.ar\/index.php?rest_route=\/wp\/v2\/pages"}],"about":[{"href":"https:\/\/gonzaloluis.com.ar\/index.php?rest_route=\/wp\/v2\/types\/page"}],"author":[{"embeddable":true,"href":"https:\/\/gonzaloluis.com.ar\/index.php?rest_route=\/wp\/v2\/users\/1"}],"replies":[{"embeddable":true,"href":"https:\/\/gonzaloluis.com.ar\/index.php?rest_route=%2Fwp%2Fv2%2Fcomments&post=10406"}],"version-history":[{"count":0,"href":"https:\/\/gonzaloluis.com.ar\/index.php?rest_route=\/wp\/v2\/pages\/10406\/revisions"}],"wp:attachment":[{"href":"https:\/\/gonzaloluis.com.ar\/index.php?rest_route=%2Fwp%2Fv2%2Fmedia&parent=10406"}],"curies":[{"name":"wp","href":"https:\/\/api.w.org\/{rel}","templated":true}]}}