{"id":10809,"date":"2019-01-26T19:57:08","date_gmt":"2019-01-26T22:57:08","guid":{"rendered":"http:\/\/gonzaloluis.blog\/?page_id=10809"},"modified":"2019-01-26T19:57:08","modified_gmt":"2019-01-26T22:57:08","slug":"radio","status":"publish","type":"page","link":"https:\/\/gonzaloluis.com.ar\/?page_id=10809","title":{"rendered":"Radio"},"content":{"rendered":"\n<p>Ac\u00e1 podes escuchar mis mejores participaciones en MEGAF\u00d3N RADIO, la emisora de la Universidad Nacional de Lan\u00fas, y en FM 97.9 Radio Cultura.<\/p>\n\n\n\n<p>\ud83d\udcfb <a href=\"https:\/\/ar.radiocut.fm\/audiocut\/estafas-piramidales-fractales-mandalas-y-telares-de-la-abundancia\/?t=3#.XEzjWKYJt6Q.wordpress\">Estafas piramidales: Fractales, Mandalas y Telares de la abundancia<\/a><\/p>\n\n\n\n<p>\ud83d\udcfb <a href=\"https:\/\/ar.radiocut.fm\/audiocut\/aumento-del-dolar-endeudamiento-e-inflacion-en-el-hombre-de-la-bolsa-fm-977-radio-cultura\/\">Otro d\u00eda especial en los mercados<\/a><\/p>\n\n\n\n<p>\ud83d\udcfb <a href=\"https:\/\/ar.radiocut.fm\/audiocut\/los-supermercados-las-promociones-y-mi-economia-hogarena\/#.XEzkRPXcNiM.wordpress\">Los supermercados, las promociones y mi econom\u00eda hogare\u00f1a<\/a><\/p>\n\n\n\n<p>\ud83d\udcfb <a href=\"https:\/\/ar.radiocut.fm\/audiocut\/usan-tu-computadora-para-minar-bitcoins-y-monero\/#.XEzklUBkqG8.wordpress\">\u00bfUsan tu computadora para minar bitcoins y monero?<\/a><\/p>\n\n\n\n<p>\ud83d\udcfb <a href=\"https:\/\/ar.radiocut.fm\/audiocut\/despues-de-las-fiestas-hay-que-pagar-la-tarjeta\/#.XEzlBd33o8A.wordpress\">Despu\u00e9s de las fiestas hay que pagar la tarjeta<\/a><\/p>\n\n\n\n<p>\ud83d\udcfb <a href=\"https:\/\/ar.radiocut.fm\/audiocut\/superheroes-y-prestamos-otra-charla-de-vacacionesdeinvierno\/#.XEzlajedVOU.wordpress\">Superheroes y Pr\u00e9stamos otra charla de vacaciones<\/a><\/p>\n","protected":false},"excerpt":{"rendered":"<p>Se trata de un simple y breve extracto de la p\u00e1gina&nbsp;de contacto<\/p>\n","protected":false},"author":1,"featured_media":0,"parent":0,"menu_order":0,"comment_status":"closed","ping_status":"closed","template":"","meta":{"om_disable_all_campaigns":false,"_monsterinsights_skip_tracking":false,"_monsterinsights_sitenote_active":false,"_monsterinsights_sitenote_note":"","_monsterinsights_sitenote_category":0},"aioseo_notices":[],"_links":{"self":[{"href":"https:\/\/gonzaloluis.com.ar\/index.php?rest_route=\/wp\/v2\/pages\/10809"}],"collection":[{"href":"https:\/\/gonzaloluis.com.ar\/index.php?rest_route=\/wp\/v2\/pages"}],"about":[{"href":"https:\/\/gonzaloluis.com.ar\/index.php?rest_route=\/wp\/v2\/types\/page"}],"author":[{"embeddable":true,"href":"https:\/\/gonzaloluis.com.ar\/index.php?rest_route=\/wp\/v2\/users\/1"}],"replies":[{"embeddable":true,"href":"https:\/\/gonzaloluis.com.ar\/index.php?rest_route=%2Fwp%2Fv2%2Fcomments&post=10809"}],"version-history":[{"count":0,"href":"https:\/\/gonzaloluis.com.ar\/index.php?rest_route=\/wp\/v2\/pages\/10809\/revisions"}],"wp:attachment":[{"href":"https:\/\/gonzaloluis.com.ar\/index.php?rest_route=%2Fwp%2Fv2%2Fmedia&parent=10809"}],"curies":[{"name":"wp","href":"https:\/\/api.w.org\/{rel}","templated":true}]}}